{"id":9,"date":"2022-04-07T09:26:41","date_gmt":"2022-04-07T09:26:41","guid":{"rendered":"http:\/\/hafzfsk.cluster031.hosting.ovh.net\/?page_id=9"},"modified":"2025-06-25T05:21:13","modified_gmt":"2025-06-25T05:21:13","slug":"samorzad-ogrodu","status":"publish","type":"page","link":"https:\/\/rodmodrzew.pl\/index.php\/samorzad-ogrodu\/","title":{"rendered":"Samorz\u0105d ogrodu"},"content":{"rendered":"\n<p><strong>Zarz\u0105d ROD Modrzew<\/strong><\/p>\n\n\n\n<p><br><strong>1. Prezes \u2013 Jarosz Piotr &#8211; tel. 504 700 632<\/strong><\/p>\n\n\n\n<p><strong>2. Vice &#8211; Prezes &#8211; Szeliga J\u00f3zef \u2013 668 889 001<\/strong><\/p>\n\n\n\n<p><strong>3. Skarbnik \u2013 Trojanowska Mariola \u2013 tel. 606 494 746<\/strong><\/p>\n\n\n\n<p><strong>4. Sekretarz \u2013 Hanna Szudajska \u2013 tel. 507 831 825<\/strong><\/p>\n\n\n\n<p><strong>5. Cz\u0142onkowie \u2013 Kruszyna Marian \u2013 tel. 784 691 970<\/strong><\/p>\n\n\n\n<p><strong>Prosimy o telefony do cz\u0142onk\u00f3w zarz\u0105du po godz.17.00 \u2013 cz\u0119\u015b\u0107 z nich pracuje. W nag\u0142ych wypadkach mo\u017cna dzwoni\u0107 o ka\u017cdej porze do prezesa.<\/strong><\/p>\n\n\n\n<p><strong>Elektryk &#8211; Kussy Karol \u2013 tel. 792 240 580<\/strong><\/p>\n\n\n\n<p><strong>Gospodarz \u2013 Juszczak Zbigniew \u2013 tel. 667 961 1025<\/strong><\/p>\n\n\n\n<p><strong>Komisja Rewizyjna<\/strong><\/p>\n\n\n\n<p><strong>1.Przewodnicz\u0105ca- \u017barnik Ewa tel. &#8211; 667 234 331<\/strong><\/p>\n\n\n\n<p><strong>2. Sekretarz Pi\u0119ta Grzegorz \u2013 502 207 566<\/strong><\/p>\n\n\n\n<p><strong>3. Cz\u0142onek \u2013 Lewandowska Barbara \u2013 668 300 864<\/strong><\/p>\n\n\n\n<p><\/p>\n\n\n\n<p><\/p>\n\n\n\n<p><\/p>\n\n\n\n<p><\/p>\n","protected":false},"excerpt":{"rendered":"<p>Zarz\u0105d ROD Modrzew 1. Prezes \u2013 Jarosz Piotr &#8211; tel. 504 700 632 2. Vice &#8211; Prezes &#8211; Szeliga J\u00f3zef \u2013 668 889 001 3. Skarbnik \u2013 Trojanowska Mariola \u2013 tel. 606 494 746 4. Sekretarz \u2013 Hanna Szudajska \u2013 tel. 507 831 825 5. Cz\u0142onkowie \u2013 Kruszyna Marian \u2013 tel. 784 691 970 Prosimy [&hellip;]<\/p>\n","protected":false},"author":1,"featured_media":0,"parent":0,"menu_order":0,"comment_status":"closed","ping_status":"closed","template":"","meta":{"footnotes":""},"class_list":["post-9","page","type-page","status-publish","hentry","post-preview"],"_links":{"self":[{"href":"https:\/\/rodmodrzew.pl\/index.php\/wp-json\/wp\/v2\/pages\/9","targetHints":{"allow":["GET"]}}],"collection":[{"href":"https:\/\/rodmodrzew.pl\/index.php\/wp-json\/wp\/v2\/pages"}],"about":[{"href":"https:\/\/rodmodrzew.pl\/index.php\/wp-json\/wp\/v2\/types\/page"}],"author":[{"embeddable":true,"href":"https:\/\/rodmodrzew.pl\/index.php\/wp-json\/wp\/v2\/users\/1"}],"replies":[{"embeddable":true,"href":"https:\/\/rodmodrzew.pl\/index.php\/wp-json\/wp\/v2\/comments?post=9"}],"version-history":[{"count":15,"href":"https:\/\/rodmodrzew.pl\/index.php\/wp-json\/wp\/v2\/pages\/9\/revisions"}],"predecessor-version":[{"id":420,"href":"https:\/\/rodmodrzew.pl\/index.php\/wp-json\/wp\/v2\/pages\/9\/revisions\/420"}],"wp:attachment":[{"href":"https:\/\/rodmodrzew.pl\/index.php\/wp-json\/wp\/v2\/media?parent=9"}],"curies":[{"name":"wp","href":"https:\/\/api.w.org\/{rel}","templated":true}]}}