{"id":8,"date":"2022-04-07T09:26:41","date_gmt":"2022-04-07T09:26:41","guid":{"rendered":"http:\/\/hafzfsk.cluster031.hosting.ovh.net\/?page_id=8"},"modified":"2022-04-07T09:42:39","modified_gmt":"2022-04-07T09:42:39","slug":"o-ogrodzie","status":"publish","type":"page","link":"https:\/\/rodmodrzew.pl\/index.php\/o-ogrodzie\/","title":{"rendered":"O ogrodzie"},"content":{"rendered":"\n<p>Historia ogrodu<\/p>\n\n\n\n<p>Ju\u017c w 1976 roku decyzj\u0105 wojewody bydgoskiego rozpocz\u0119to prace przygotowawcze w celu przeznaczenia grunt\u00f3w w gminie Osielsko na pracownicze ogrody dzia\u0142kowe dla pracownik\u00f3w bydgoskich zak\u0142ad\u00f3w pracy. Teren zosta\u0142 podzielony na sektory i w sektorze II powsta\u0142 nasz ogr\u00f3d z przeznaczeniem na dzia\u0142ki dla pracownik\u00f3w nast\u0119puj\u0105cych bydgoskich zak\u0142ad\u00f3w pracy:<br><\/p>\n\n\n\n<ul class=\"wp-block-list\"><li>Bydgoskie Fabryki Mebli<\/li><li>Pomorski Okr\u0119g Wojskowy<\/li><li>Wojew\u00f3dzki Zwi\u0105zek Sp\u00f3\u0142dzielni Rolniczych<\/li><li>Wojew\u00f3dzki Zwi\u0105zek K\u00f3\u0142ek Rolniczych<\/li><li>Wojew\u00f3dzkie Przedsi\u0119biorstwo Turystyczne &#8222;Brda&#8221;<\/li><\/ul>\n\n\n\n<p><br>Po kilku latach i spe\u0142nieniu szeregu czynno\u015bci formalno &#8211; prawnych, w lipcu 1980 roku odby\u0142o si\u0119 pierwsze walne zebranie organizacyjno &#8211; wyborcze przysz\u0142ych u\u017cytkownik\u00f3w dzia\u0142ek. A teren naszego ogrodu wygl\u0105da\u0142 wtedy tak\u2026<\/p>\n\n\n\n<div class=\"wp-block-image\"><figure class=\"aligncenter size-full\"><img loading=\"lazy\" decoding=\"async\" width=\"390\" height=\"256\" src=\"http:\/\/hafzfsk.cluster031.hosting.ovh.net\/wp-content\/uploads\/2022\/04\/historia.jpg\" alt=\"\" class=\"wp-image-28\" srcset=\"https:\/\/rodmodrzew.pl\/wp-content\/uploads\/2022\/04\/historia.jpg 390w, https:\/\/rodmodrzew.pl\/wp-content\/uploads\/2022\/04\/historia-300x197.jpg 300w\" sizes=\"auto, (max-width: 390px) 100vw, 390px\" \/><figcaption>ROD MODRZEW<\/figcaption><\/figure><\/div>\n\n\n\n<p>W 1981 roku za\u0142o\u017cono pr\u0105d, a dopiero w 1984 roku przekazano do u\u017cytku sie\u0107 wodoci\u0105gow\u0105 w ogrodzie.<br>I ju\u017c wkr\u00f3tce &#8222;Modrzew&#8221; jest wyr\u00f3\u017cniany dyplomami i nagrodami za osi\u0105gni\u0119cia w ramach konkurs\u00f3w prowadzonych przez Okr\u0119gowy Zarz\u0105d Polskiego Zwi\u0105zku Dzia\u0142kowc\u00f3w w Bydgoszczy i tak: w 1986 r. zaj\u0119li\u015bmy 14 miejsce w\u015br\u00f3d ogrod\u00f3w woj. bydgoskiego a w roku 1994 w takim samym konkursie 4 miejsce, w 1999 r. Zarz\u0105d zdoby\u0142 tytu\u0142 &#8222;najaktywniejszy Zarz\u0105d POD&#8217; a ogr\u00f3d &#8222;najaktywniejszy POD&#8221;, w 2001 roku ogr\u00f3d nasz zosta\u0142 wyr\u00f3\u017cniony za popularyzacj\u0119 czytelnictwa fachowego przez Krajow\u0105 Rad\u0119 PZD. I, co najwa\u017cniejsze, po kolejnych sukcesach, w roku 2006 znale\u017ali\u015bmy si\u0119 w grupie laureat\u00f3w konkursu krajowego z najwy\u017cszymi notami i zosta\u0142 nam przyznany tytu\u0142 &#8222;Rodzinny Ogr\u00f3d Dzia\u0142kowy Roku 2006&#8221;<\/p>\n\n\n\n<p>Opis ogrodu<br><br><\/p>\n\n\n\n<p>ROD &#8222;Modrzew&#8221; obejmuje grunty oznaczone geodezyjnie jako dzia\u0142ka nr 264 i nr 265 o \u0142\u0105cznej powierzchni 12,54 ha.<br>Powierzchnia u\u017cytkowa 312 dzia\u0142ek to 92 800 m2. Na pozosta\u0142ej powierzchni ogrodu znajduj\u0105 si\u0119:<br><\/p>\n\n\n\n<ul class=\"wp-block-list\"><li>parkingi samochodowe na 170 miejsc o pow. 4 850 m2<\/li><li>drogi dojazdowe o pow. 5 335 m2<\/li><li>alejki o d\u0142ugo\u015bci 2 310 m i o pow. 6 930 m2<\/li><li>plac zabaw o pow. 2 745 m2 na terenie kt\u00f3rego znajduj\u0105 si\u0119:<\/li><li>Dom Dzia\u0142kowca<\/li><li>Obiekt gospodarczy z g\u0142\u00f3wnym zabezpieczeniem energetycznym<\/li><li>Boisko do pi\u0142ki no\u017cnej<\/li><li>Boisko do siatk\u00f3wki<\/li><li>Urz\u0105dzenia zabawowe dla dzieci<\/li><li>&#8222;Grzybek&#8221; zadaszony z p\u0142yt\u0105 betonow\u0105<\/li><\/ul>\n\n\n\n<p>Pozosta\u0142e tereny zadrzewione to 11044 m2.Ogr\u00f3d posiada: ogrodzenie zewn\u0119trzne z siatki stalowej o wysoko\u015bci 2,40 m i d\u0142ugo\u015bci 1520 m w tym 3 bramy g\u0142\u00f3wne i 3 furtki. Instalacja elektryczna kablowa u\u0142o\u017cona w ziemi. Instalacja wodoci\u0105gowa o d\u0142ugo\u015bci 3 326 m jest wykonana z zaworami odcinaj\u0105cymi do wszystkich dzia\u0142ek, posiada te\u017c 18 hydrant\u00f3w. Ogr\u00f3d nasz systematycznie, corocznie w zale\u017cno\u015bci od posiadanych \u015brodk\u00f3w finansowych modernizuje, remontuje i konserwuje elementy infrastruktury ogrodowej.<\/p>\n","protected":false},"excerpt":{"rendered":"<p>Historia ogrodu Ju\u017c w 1976 roku decyzj\u0105 wojewody bydgoskiego rozpocz\u0119to prace przygotowawcze w celu przeznaczenia grunt\u00f3w w gminie Osielsko na pracownicze ogrody dzia\u0142kowe dla pracownik\u00f3w bydgoskich zak\u0142ad\u00f3w pracy. Teren zosta\u0142 podzielony na sektory i w sektorze II powsta\u0142 nasz ogr\u00f3d z przeznaczeniem na dzia\u0142ki dla pracownik\u00f3w nast\u0119puj\u0105cych bydgoskich zak\u0142ad\u00f3w pracy: Bydgoskie Fabryki Mebli Pomorski Okr\u0119g [&hellip;]<\/p>\n","protected":false},"author":1,"featured_media":0,"parent":0,"menu_order":0,"comment_status":"closed","ping_status":"closed","template":"","meta":{"footnotes":""},"class_list":["post-8","page","type-page","status-publish","hentry","post-preview"],"_links":{"self":[{"href":"https:\/\/rodmodrzew.pl\/index.php\/wp-json\/wp\/v2\/pages\/8","targetHints":{"allow":["GET"]}}],"collection":[{"href":"https:\/\/rodmodrzew.pl\/index.php\/wp-json\/wp\/v2\/pages"}],"about":[{"href":"https:\/\/rodmodrzew.pl\/index.php\/wp-json\/wp\/v2\/types\/page"}],"author":[{"embeddable":true,"href":"https:\/\/rodmodrzew.pl\/index.php\/wp-json\/wp\/v2\/users\/1"}],"replies":[{"embeddable":true,"href":"https:\/\/rodmodrzew.pl\/index.php\/wp-json\/wp\/v2\/comments?post=8"}],"version-history":[{"count":5,"href":"https:\/\/rodmodrzew.pl\/index.php\/wp-json\/wp\/v2\/pages\/8\/revisions"}],"predecessor-version":[{"id":35,"href":"https:\/\/rodmodrzew.pl\/index.php\/wp-json\/wp\/v2\/pages\/8\/revisions\/35"}],"wp:attachment":[{"href":"https:\/\/rodmodrzew.pl\/index.php\/wp-json\/wp\/v2\/media?parent=8"}],"curies":[{"name":"wp","href":"https:\/\/api.w.org\/{rel}","templated":true}]}}